{"id":401,"date":"2025-03-10T08:44:25","date_gmt":"2025-03-10T07:44:25","guid":{"rendered":"https:\/\/www.d10uniquevehicles.com\/donnees-personnelles\/"},"modified":"2025-04-03T12:50:11","modified_gmt":"2025-04-03T10:50:11","slug":"donnees-personnelles","status":"publish","type":"page","link":"https:\/\/www.d10uniquevehicles.com\/fr\/donnees-personnelles\/","title":{"rendered":"Donn\u00e9es personnelles"},"content":{"rendered":"<div class=\"fusion-fullwidth fullwidth-box fusion-builder-row-1 fusion-flex-container has-pattern-background has-mask-background nonhundred-percent-fullwidth non-hundred-percent-height-scrolling\" style=\"--awb-border-radius-top-left:0px;--awb-border-radius-top-right:0px;--awb-border-radius-bottom-right:0px;--awb-border-radius-bottom-left:0px;--awb-flex-wrap:wrap;\" ><div class=\"fusion-builder-row fusion-row fusion-flex-align-items-flex-start fusion-flex-content-wrap\" style=\"max-width:1497.6px;margin-left: calc(-4% \/ 2 );margin-right: calc(-4% \/ 2 );\"><div class=\"fusion-layout-column fusion_builder_column fusion-builder-column-0 fusion_builder_column_1_1 1_1 fusion-flex-column\" style=\"--awb-bg-size:cover;--awb-width-large:100%;--awb-margin-top-large:0px;--awb-spacing-right-large:1.92%;--awb-margin-bottom-large:20px;--awb-spacing-left-large:1.92%;--awb-width-medium:100%;--awb-order-medium:0;--awb-spacing-right-medium:1.92%;--awb-spacing-left-medium:1.92%;--awb-width-small:100%;--awb-order-small:0;--awb-spacing-right-small:1.92%;--awb-spacing-left-small:1.92%;\"><div class=\"fusion-column-wrapper fusion-column-has-shadow fusion-flex-justify-content-flex-start fusion-content-layout-column\"><div class=\"fusion-text fusion-text-1\"><p><strong>Borghino est soucieuse de la protection des donn\u00e9es personnelles et s\u2019engage \u00e0 assurer le meilleur niveau de protection \u00e0 vos donn\u00e9es personnelles en conformit\u00e9 avec la loi Informatique et Libert\u00e9s et le R\u00e8glement g\u00e9n\u00e9ral sur la protection des donn\u00e9es (RGPD). Pour toute information sur la protection des donn\u00e9es personnelles, vous pouvez \u00e9galement consulter le site de la Commission nationale de l\u2019informatique et des libert\u00e9s (CNIL) <a href=\"https:\/\/cnil.fr\/fr\" target=\"_blank\" rel=\"noopener\">www.cnil.fr<\/a><\/strong><\/p>\n<\/div><div class=\"fusion-title title fusion-title-1 fusion-sep-none fusion-title-center fusion-title-text fusion-title-size-two\" style=\"--awb-text-color:var(--awb-color8);\"><h2 class=\"fusion-title-heading title-heading-center\" style=\"margin:0;\">Responsable du traitement des donn\u00e9es personnelles<\/h2><\/div><div class=\"fusion-text fusion-text-2\"><p>M Lucas LABAT<\/p>\n<\/div><div class=\"fusion-title title fusion-title-2 fusion-sep-none fusion-title-center fusion-title-text fusion-title-size-two\"><h2 class=\"fusion-title-heading title-heading-center\" style=\"margin:0;\">Les donn\u00e9es personnelles collect\u00e9es sur www.d10uniquevehicles.com<\/h2><\/div><div class=\"fusion-text fusion-text-3\"><p>Les donn\u00e9es collect\u00e9es sur le site www.d10uniquevehicles.com sont exclusivement destin\u00e9es \u00e0 la soci\u00e9t\u00e9 www.d10uniquevehicles.com . Elles ne sont \u00e0 aucun moment partag\u00e9es avec une soci\u00e9t\u00e9 tierce ni transf\u00e9r\u00e9es hors UE. Conform\u00e9ment \u00e0 la loi Informatique et Libert\u00e9s du 6 janvier 1978 modifi\u00e9e par la loi du 6 Ao\u00fbt 2004, vous disposez d\u2019un droit d\u2019acc\u00e8s, de rectification et d\u2019opposition aux donn\u00e9es personnelles vous concernant.<\/p>\n<\/div><div class=\"fusion-title title fusion-title-3 fusion-sep-none fusion-title-center fusion-title-text fusion-title-size-two\"><h2 class=\"fusion-title-heading title-heading-center\" style=\"margin:0;\">Dur\u00e9e de conservation des donn\u00e9es personnelles<\/h2><\/div><div class=\"fusion-text fusion-text-4\"><p>Si pendant un d\u00e9lai de 2 ans, vous n\u2019avez pas r\u00e9pondu \u00e0 nos sollicitations, vos donn\u00e9es personnelles seront supprim\u00e9es de notre base de donn\u00e9es et seront plac\u00e9es dans une base d\u2019exclusions afin de justifier de nos traitements aux autorit\u00e9s comp\u00e9tentes.<\/p>\n<\/div><div class=\"fusion-title title fusion-title-4 fusion-sep-none fusion-title-center fusion-title-text fusion-title-size-two\"><h2 class=\"fusion-title-heading title-heading-center\" style=\"margin:0;\">Cookies<\/h2><\/div><div class=\"fusion-text fusion-text-5\"><p class=\"\" data-start=\"1261\" data-end=\"1346\">Lorsque vous naviguez sur notre site web, nous collectons automatiquement certaines informations, telles que :<\/p>\n<ul data-start=\"1348\" data-end=\"1494\">\n<li class=\"\" data-start=\"1348\" data-end=\"1382\">\n<p class=\"\" data-start=\"1350\" data-end=\"1382\">L&rsquo;appareil et le navigateur que vous utilisez<\/p>\n<\/li>\n<li class=\"\" data-start=\"1383\" data-end=\"1402\">\n<p class=\"\" data-start=\"1385\" data-end=\"1402\">Votre adresse IP<\/p>\n<\/li>\n<li class=\"\" data-start=\"1403\" data-end=\"1438\">\n<p class=\"\" data-start=\"1405\" data-end=\"1438\">La date et l&rsquo;heure de votre visite<\/p>\n<\/li>\n<li class=\"\" data-start=\"1439\" data-end=\"1494\">\n<p class=\"\" data-start=\"1441\" data-end=\"1494\">Les pages que vous avez consult\u00e9es et votre historique de navigation<\/p>\n<\/li>\n<\/ul>\n<h3>Finalit\u00e9 des cookies<\/h3>\n<p>Nous utilisons les cookies afin de rendre vos visites sur notre site plus efficaces. Les cookies nous permettent \u00e9galement d\u2019am\u00e9liorer la navigation sur notre site et de comprendre vos comportements de visite.<\/p>\n<h3>Informations collect\u00e9es gr\u00e2ce aux cookies<\/h3>\n<p>Les cookies nous aident \u00e0 recueillir des renseignements sur la fa\u00e7on dont vous utilisez notre site Web. Nous ne conservons aucune information permettant de vous identifier personnellement dans les donn\u00e9es de nos cookies vous concernant, uniquement un identifiant de session unique.<\/p>\n<h3>Types de cookies<\/h3>\n<ul>\n<li class=\"\" data-start=\"1908\" data-end=\"2059\">\n<p class=\"\" data-start=\"1910\" data-end=\"2059\">Cookies de session : les cookies de ce type sont temporairement stock\u00e9s sur votre ordinateur ou votre p\u00e9riph\u00e9rique pendant une session de navigation. Ils sont effac\u00e9s de votre ordinateur ou de votre p\u00e9riph\u00e9rique \u00e0 la fin de la session de navigation.<\/p>\n<\/li>\n<li class=\"\" data-start=\"2060\" data-end=\"2239\">\n<p class=\"\" data-start=\"2062\" data-end=\"2239\">Cookies permanents : les cookies de ce type demeurent plus longtemps sur votre ordinateur. Les cookies permanents aident \u00e0 vous reconna\u00eetre pour plus d\u2019une session de navigation. www.d10uniquevehicles.com n\u2019utilise pas de cookie permanent.<\/p>\n<\/li>\n<\/ul>\n<h3>Gestion des cookies<\/h3>\n<p class=\"\" data-start=\"2268\" data-end=\"2402\">Le menu de la plupart des navigateurs comporte des options vous permettant de g\u00e9rer vos cookies en r\u00e9glant ou en configurant vos param\u00e8tres de cookies. G\u00e9n\u00e9ralement, le navigateur vous offre la possibilit\u00e9 :<\/p>\n<ul data-start=\"2404\" data-end=\"2589\">\n<li class=\"\" data-start=\"2404\" data-end=\"2425\">\n<p class=\"\" data-start=\"2406\" data-end=\"2425\">d\u2019afficher vos cookies,<\/p>\n<\/li>\n<li class=\"\" data-start=\"2426\" data-end=\"2443\">\n<p class=\"\" data-start=\"2428\" data-end=\"2443\">d\u2019autoriser les cookies,<\/p>\n<\/li>\n<li class=\"\" data-start=\"2444\" data-end=\"2479\">\n<p class=\"\" data-start=\"2446\" data-end=\"2479\">de d\u00e9sactiver tous les cookies, ou uniquement des cookies pr\u00e9cis,<\/p>\n<\/li>\n<li class=\"\" data-start=\"2480\" data-end=\"2529\">\n<p class=\"\" data-start=\"2482\" data-end=\"2529\">de d\u00e9sactiver tous les cookies lorsque vous fermez votre navigateur,<\/p>\n<\/li>\n<li class=\"\" data-start=\"2530\" data-end=\"2547\">\n<p class=\"\" data-start=\"2532\" data-end=\"2547\">de bloquer les cookies,<\/p>\n<\/li>\n<li class=\"\" data-start=\"2548\" data-end=\"2589\">\n<p class=\"\" data-start=\"2550\" data-end=\"2589\">d\u2019\u00eatre inform\u00e9 lorsque vous recevez un cookie.<\/p>\n<\/li>\n<\/ul>\n<p class=\"\" data-start=\"2591\" data-end=\"2726\">Veuillez noter qu\u2019\u00e0 moins que vous n\u2019ayez r\u00e9gl\u00e9 les param\u00e8tres de votre navigateur de fa\u00e7on \u00e0 refuser les cookies, notre syst\u00e8me \u00e9mettra des cookies d\u00e8s que vous vous rendrez sur notre site.<\/p>\n<p class=\"\" data-start=\"2728\" data-end=\"2877\">Vous pouvez \u00e9galement choisir de les accepter ou de les refuser en activant notre widget de cookies. Nous conservons vos pr\u00e9f\u00e9rences en mati\u00e8re de cookies pendant six mois maximum.<\/p>\n<h3 data-start=\"2728\" data-end=\"2877\">Informations suppl\u00e9mentaires sur les cookies<\/h3>\n<p>Pour en savoir plus sur les cookies et en particulier comment les ma\u00eetriser sur votre navigateur, nous vous invitons \u00e0 consulter la page de la CNIL : <a href=\"https:\/\/www.cnil.fr\/vos-libertes\/vos-traces\/les-cookies\/\" target=\"_new\" rel=\"noopener\" data-start=\"3022\" data-end=\"3138\">https:\/\/www.cnil.fr\/vos-libertes\/vos-traces\/les-cookies\/<\/a>.<\/p>\n<\/div><\/div><\/div><\/div><\/div>\n","protected":false},"excerpt":{"rendered":"","protected":false},"author":1,"featured_media":0,"parent":0,"menu_order":0,"comment_status":"closed","ping_status":"open","template":"","meta":{"footnotes":""},"class_list":["post-401","page","type-page","status-publish","hentry"],"yoast_head":"<!-- This site is optimized with the Yoast SEO plugin v24.9 - https:\/\/yoast.com\/wordpress\/plugins\/seo\/ -->\n<title>Donn\u00e9es personnelles - D10<\/title>\n<meta name=\"robots\" content=\"index, follow, max-snippet:-1, max-image-preview:large, max-video-preview:-1\" \/>\n<link rel=\"canonical\" href=\"https:\/\/www.d10uniquevehicles.com\/fr\/donnees-personnelles\/\" \/>\n<meta property=\"og:locale\" content=\"fr_FR\" \/>\n<meta property=\"og:type\" content=\"article\" \/>\n<meta property=\"og:title\" content=\"Donn\u00e9es personnelles - D10\" \/>\n<meta property=\"og:url\" content=\"https:\/\/www.d10uniquevehicles.com\/fr\/donnees-personnelles\/\" \/>\n<meta property=\"og:site_name\" content=\"D10\" \/>\n<meta property=\"article:modified_time\" content=\"2025-04-03T10:50:11+00:00\" \/>\n<meta name=\"twitter:card\" content=\"summary_large_image\" \/>\n<meta name=\"twitter:label1\" content=\"Dur\u00e9e de lecture estim\u00e9e\" \/>\n\t<meta name=\"twitter:data1\" content=\"3 minutes\" \/>\n<script type=\"application\/ld+json\" class=\"yoast-schema-graph\">{\"@context\":\"https:\/\/schema.org\",\"@graph\":[{\"@type\":\"WebPage\",\"@id\":\"https:\/\/www.d10uniquevehicles.com\/fr\/donnees-personnelles\/\",\"url\":\"https:\/\/www.d10uniquevehicles.com\/fr\/donnees-personnelles\/\",\"name\":\"Donn\u00e9es personnelles - D10\",\"isPartOf\":{\"@id\":\"https:\/\/www.d10uniquevehicles.com\/#website\"},\"datePublished\":\"2025-03-10T07:44:25+00:00\",\"dateModified\":\"2025-04-03T10:50:11+00:00\",\"breadcrumb\":{\"@id\":\"https:\/\/www.d10uniquevehicles.com\/fr\/donnees-personnelles\/#breadcrumb\"},\"inLanguage\":\"fr-FR\",\"potentialAction\":[{\"@type\":\"ReadAction\",\"target\":[\"https:\/\/www.d10uniquevehicles.com\/fr\/donnees-personnelles\/\"]}]},{\"@type\":\"BreadcrumbList\",\"@id\":\"https:\/\/www.d10uniquevehicles.com\/fr\/donnees-personnelles\/#breadcrumb\",\"itemListElement\":[{\"@type\":\"ListItem\",\"position\":1,\"name\":\"Home\",\"item\":\"https:\/\/www.d10uniquevehicles.com\/fr\/\"},{\"@type\":\"ListItem\",\"position\":2,\"name\":\"Donn\u00e9es personnelles\"}]},{\"@type\":\"WebSite\",\"@id\":\"https:\/\/www.d10uniquevehicles.com\/#website\",\"url\":\"https:\/\/www.d10uniquevehicles.com\/\",\"name\":\"D10\",\"description\":\"\",\"potentialAction\":[{\"@type\":\"SearchAction\",\"target\":{\"@type\":\"EntryPoint\",\"urlTemplate\":\"https:\/\/www.d10uniquevehicles.com\/?s={search_term_string}\"},\"query-input\":{\"@type\":\"PropertyValueSpecification\",\"valueRequired\":true,\"valueName\":\"search_term_string\"}}],\"inLanguage\":\"fr-FR\"}]}<\/script>\n<!-- \/ Yoast SEO plugin. -->","yoast_head_json":{"title":"Donn\u00e9es personnelles - D10","robots":{"index":"index","follow":"follow","max-snippet":"max-snippet:-1","max-image-preview":"max-image-preview:large","max-video-preview":"max-video-preview:-1"},"canonical":"https:\/\/www.d10uniquevehicles.com\/fr\/donnees-personnelles\/","og_locale":"fr_FR","og_type":"article","og_title":"Donn\u00e9es personnelles - D10","og_url":"https:\/\/www.d10uniquevehicles.com\/fr\/donnees-personnelles\/","og_site_name":"D10","article_modified_time":"2025-04-03T10:50:11+00:00","twitter_card":"summary_large_image","twitter_misc":{"Dur\u00e9e de lecture estim\u00e9e":"3 minutes"},"schema":{"@context":"https:\/\/schema.org","@graph":[{"@type":"WebPage","@id":"https:\/\/www.d10uniquevehicles.com\/fr\/donnees-personnelles\/","url":"https:\/\/www.d10uniquevehicles.com\/fr\/donnees-personnelles\/","name":"Donn\u00e9es personnelles - D10","isPartOf":{"@id":"https:\/\/www.d10uniquevehicles.com\/#website"},"datePublished":"2025-03-10T07:44:25+00:00","dateModified":"2025-04-03T10:50:11+00:00","breadcrumb":{"@id":"https:\/\/www.d10uniquevehicles.com\/fr\/donnees-personnelles\/#breadcrumb"},"inLanguage":"fr-FR","potentialAction":[{"@type":"ReadAction","target":["https:\/\/www.d10uniquevehicles.com\/fr\/donnees-personnelles\/"]}]},{"@type":"BreadcrumbList","@id":"https:\/\/www.d10uniquevehicles.com\/fr\/donnees-personnelles\/#breadcrumb","itemListElement":[{"@type":"ListItem","position":1,"name":"Home","item":"https:\/\/www.d10uniquevehicles.com\/fr\/"},{"@type":"ListItem","position":2,"name":"Donn\u00e9es personnelles"}]},{"@type":"WebSite","@id":"https:\/\/www.d10uniquevehicles.com\/#website","url":"https:\/\/www.d10uniquevehicles.com\/","name":"D10","description":"","potentialAction":[{"@type":"SearchAction","target":{"@type":"EntryPoint","urlTemplate":"https:\/\/www.d10uniquevehicles.com\/?s={search_term_string}"},"query-input":{"@type":"PropertyValueSpecification","valueRequired":true,"valueName":"search_term_string"}}],"inLanguage":"fr-FR"}]}},"_links":{"self":[{"href":"https:\/\/www.d10uniquevehicles.com\/fr\/wp-json\/wp\/v2\/pages\/401","targetHints":{"allow":["GET"]}}],"collection":[{"href":"https:\/\/www.d10uniquevehicles.com\/fr\/wp-json\/wp\/v2\/pages"}],"about":[{"href":"https:\/\/www.d10uniquevehicles.com\/fr\/wp-json\/wp\/v2\/types\/page"}],"author":[{"embeddable":true,"href":"https:\/\/www.d10uniquevehicles.com\/fr\/wp-json\/wp\/v2\/users\/1"}],"replies":[{"embeddable":true,"href":"https:\/\/www.d10uniquevehicles.com\/fr\/wp-json\/wp\/v2\/comments?post=401"}],"version-history":[{"count":4,"href":"https:\/\/www.d10uniquevehicles.com\/fr\/wp-json\/wp\/v2\/pages\/401\/revisions"}],"predecessor-version":[{"id":409,"href":"https:\/\/www.d10uniquevehicles.com\/fr\/wp-json\/wp\/v2\/pages\/401\/revisions\/409"}],"wp:attachment":[{"href":"https:\/\/www.d10uniquevehicles.com\/fr\/wp-json\/wp\/v2\/media?parent=401"}],"curies":[{"name":"wp","href":"https:\/\/api.w.org\/{rel}","templated":true}]}}