{"id":377,"date":"2025-03-24T15:24:00","date_gmt":"2025-03-24T14:24:00","guid":{"rendered":"https:\/\/www.d10uniquevehicles.com\/avis-juridique\/"},"modified":"2025-04-03T12:49:32","modified_gmt":"2025-04-03T10:49:32","slug":"mentions-legales","status":"publish","type":"page","link":"https:\/\/www.d10uniquevehicles.com\/fr\/mentions-legales\/","title":{"rendered":"Mentions l\u00e9gales"},"content":{"rendered":"<div class=\"fusion-fullwidth fullwidth-box fusion-builder-row-1 fusion-flex-container has-pattern-background has-mask-background nonhundred-percent-fullwidth non-hundred-percent-height-scrolling\" style=\"--awb-border-radius-top-left:0px;--awb-border-radius-top-right:0px;--awb-border-radius-bottom-right:0px;--awb-border-radius-bottom-left:0px;--awb-flex-wrap:wrap;\" ><div class=\"fusion-builder-row fusion-row fusion-flex-align-items-flex-start fusion-flex-content-wrap\" style=\"max-width:1497.6px;margin-left: calc(-4% \/ 2 );margin-right: calc(-4% \/ 2 );\"><div class=\"fusion-layout-column fusion_builder_column fusion-builder-column-0 fusion_builder_column_1_1 1_1 fusion-flex-column\" style=\"--awb-bg-size:cover;--awb-width-large:100%;--awb-margin-top-large:0px;--awb-spacing-right-large:1.92%;--awb-margin-bottom-large:20px;--awb-spacing-left-large:1.92%;--awb-width-medium:100%;--awb-order-medium:0;--awb-spacing-right-medium:1.92%;--awb-spacing-left-medium:1.92%;--awb-width-small:100%;--awb-order-small:0;--awb-spacing-right-small:1.92%;--awb-spacing-left-small:1.92%;\"><div class=\"fusion-column-wrapper fusion-column-has-shadow fusion-flex-justify-content-flex-start fusion-content-layout-column\"><div class=\"fusion-title title fusion-title-1 fusion-sep-none fusion-title-center fusion-title-text fusion-title-size-two\" style=\"--awb-text-color:var(--awb-color8);\"><h2 class=\"fusion-title-heading title-heading-center\" style=\"margin:0;\">\u00c9diteur<\/h2><\/div><div class=\"fusion-text fusion-text-1\"><p class=\"\" data-start=\"0\" data-end=\"152\">Le site www.d10uniquevehicles est \u00e9dit\u00e9 par la soci\u00e9t\u00e9 Borghino<br data-start=\"80\" data-end=\"83\">A\u00e9roport d&rsquo;Avignon<br data-start=\"98\" data-end=\"101\">80, Impasse Louis Bl\u00e9riot<br data-start=\"126\" data-end=\"129\" data-is-only-node=\"\">84140 Avignon, FRANCE<\/p>\n<p class=\"\" data-start=\"154\" data-end=\"201\">Num\u00e9ro SIRET : 321 714 370 00020<br data-start=\"185\" data-end=\"188\">RCS Avignon<\/p>\n<\/div><div class=\"fusion-title title fusion-title-2 fusion-sep-none fusion-title-center fusion-title-text fusion-title-size-two\"><h2 class=\"fusion-title-heading title-heading-center\" style=\"margin:0;\">Directeur de publication<\/h2><\/div><div class=\"fusion-text fusion-text-2\"><p>M Lucas LABAT<\/p>\n<\/div><div class=\"fusion-title title fusion-title-3 fusion-sep-none fusion-title-center fusion-title-text fusion-title-size-two\"><h2 class=\"fusion-title-heading title-heading-center\" style=\"margin:0;\">Contenu du site web<\/h2><\/div><div class=\"fusion-text fusion-text-3\"><p>Les informations contenues dans ce site sont susceptibles d&rsquo;\u00eatre modifi\u00e9es \u00e0 tout moment et sans pr\u00e9avis. Malgr\u00e9 des mises \u00e0 jour fr\u00e9quentes, Borghino ne peut garantir l&rsquo;exactitude, la pr\u00e9cision ou l&rsquo;exhaustivit\u00e9 des informations disponibles sur ce site.<\/p>\n<\/div><div class=\"fusion-title title fusion-title-4 fusion-sep-none fusion-title-center fusion-title-text fusion-title-size-two\"><h2 class=\"fusion-title-heading title-heading-center\" style=\"margin:0;\">Propri\u00e9t\u00e9 intellectuelle<\/h2><\/div><div class=\"fusion-text fusion-text-4\"><p>Le contenu et la pr\u00e9sentation de ce site constituent une \u0153uvre prot\u00e9g\u00e9e par les r\u00e8gles de la propri\u00e9t\u00e9 intellectuelle. Les noms, logos, textes, photos, images, animations et autres \u00e9l\u00e9ments pr\u00e9sents sur ce site sont la propri\u00e9t\u00e9 de Borghino ou de tiers ayant autoris\u00e9 Borghino \u00e0 les utiliser. Toute reproduction, modification, distribution ou exploitation de ces donn\u00e9es, qu&rsquo;elle soit commerciale ou non, est interdite sans l&rsquo;accord pr\u00e9alable \u00e9crit de Borghino. Les copies priv\u00e9es de ces donn\u00e9es sont autoris\u00e9es, \u00e0 condition que la source soit indiqu\u00e9e et sous r\u00e9serve des droits de propri\u00e9t\u00e9 intellectuelle mentionn\u00e9s ci-dessus.   <\/p>\n<h3>Cr\u00e9dits photos<\/h3>\n<p>Films et photographies : Emmanuel Speciale<a href=\"https:\/\/www.emmanuelspeciale.com\/\" target=\"_blank\" rel=\"noopener\">(www.emmanuelspeciale.com)<\/a><br \/>Photographies : Arthur Cavallini<a href=\"https:\/\/www.arthurcavallini.com\/\" target=\"_blank\" rel=\"noopener\">(www.arthurcavallini.com<\/a>)<\/p>\n<\/div><div class=\"fusion-title title fusion-title-5 fusion-sep-none fusion-title-text fusion-title-size-two\"><h2 class=\"fusion-title-heading title-heading-left\" style=\"margin:0;\">Donn\u00e9es personnelles<\/h2><\/div><div class=\"fusion-text fusion-text-5\"><p class=\"\" data-start=\"1169\" data-end=\"1858\">Les adresses personnelles collect\u00e9es sur le site r\u00e9sultent de la communication volontaire par l&rsquo;utilisateur d&rsquo;une adresse \u00e9lectronique lors de la soumission d&rsquo;un message \u00e9lectronique. Les adresses \u00e9lectroniques collect\u00e9es ne sont utilis\u00e9es que pour transmettre les informations demand\u00e9es. Les donn\u00e9es personnelles fournies volontairement par les utilisateurs sont r\u00e9serv\u00e9es \u00e0 un usage interne. Elles ne seront pas communiqu\u00e9es \u00e0 des tiers. Les noms des destinataires de ces informations ou des services concern\u00e9s sont indiqu\u00e9s sur les pages du site. Tout utilisateur ayant d\u00e9pos\u00e9 des donn\u00e9es personnelles sur le site peut demander \u00e0 acc\u00e9der \u00e0 ces informations et \u00e0 les faire rectifier, compl\u00e9ter, clarifier, mettre \u00e0 jour ou supprimer conform\u00e9ment \u00e0 la loi du 6 janvier 1978.     <\/p>\n<p class=\"\" data-start=\"1860\" data-end=\"1912\">Pour exercer ce droit, contactez : <a rel=\"noopener\" data-start=\"1893\" data-end=\"1912\" data-is-last-node=\"\">contact@d10uniquevehicles.com<\/a><\/p>\n<\/div><div class=\"fusion-title title fusion-title-6 fusion-sep-none fusion-title-text fusion-title-size-two\"><h2 class=\"fusion-title-heading title-heading-left\" style=\"margin:0;\">D\u00e9veloppement et h\u00e9bergement<\/h2><\/div><div class=\"fusion-image-element \" style=\"--awb-margin-bottom:30px;--awb-caption-title-font-family:var(--h2_typography-font-family);--awb-caption-title-font-weight:var(--h2_typography-font-weight);--awb-caption-title-font-style:var(--h2_typography-font-style);--awb-caption-title-size:var(--h2_typography-font-size);--awb-caption-title-transform:var(--h2_typography-text-transform);--awb-caption-title-line-height:var(--h2_typography-line-height);--awb-caption-title-letter-spacing:var(--h2_typography-letter-spacing);\"><span class=\" fusion-imageframe imageframe-none imageframe-1 hover-type-none\"><a class=\"fusion-no-lightbox\" href=\"https:\/\/www.azuracom.com\/\" target=\"_blank\" aria-label=\"logo azuracom 72dpi 1920\" rel=\"noopener noreferrer\"><img decoding=\"async\" width=\"300\" height=\"162\" alt=\"agence web Azuracom\" src=\"https:\/\/www.d10uniquevehicles.com\/wp-content\/uploads\/2025\/03\/logo-azuracom-72dpi-1920-300x162.png\" class=\"img-responsive wp-image-364\" srcset=\"https:\/\/www.d10uniquevehicles.com\/wp-content\/uploads\/2025\/03\/logo-azuracom-72dpi-1920-200x108.png 200w, https:\/\/www.d10uniquevehicles.com\/wp-content\/uploads\/2025\/03\/logo-azuracom-72dpi-1920-400x216.png 400w, https:\/\/www.d10uniquevehicles.com\/wp-content\/uploads\/2025\/03\/logo-azuracom-72dpi-1920-600x324.png 600w, https:\/\/www.d10uniquevehicles.com\/wp-content\/uploads\/2025\/03\/logo-azuracom-72dpi-1920-800x433.png 800w, https:\/\/www.d10uniquevehicles.com\/wp-content\/uploads\/2025\/03\/logo-azuracom-72dpi-1920-1200x649.png 1200w, https:\/\/www.d10uniquevehicles.com\/wp-content\/uploads\/2025\/03\/logo-azuracom-72dpi-1920.png 1920w\" sizes=\"(max-width: 640px) 100vw, 300px\" \/><\/a><\/span><\/div><div class=\"fusion-text fusion-text-6\"><p><a href=\"https:\/\/www.azuracom.com\/\" target=\"_blank\" rel=\"noopener\">Cr\u00e9ation du site<\/a><br data-start=\"57\" data-end=\"60\">Azuracom, agence digitale<br data-start=\"84\" data-end=\"87\">Technop\u00f4le Agroparc<br data-start=\"106\" data-end=\"109\">B\u00e2timent Le Victoria &#8211; C01<br data-start=\"135\" data-end=\"138\">149 Rue Jean Dausset<br data-start=\"158\" data-end=\"161\">84140 Avignon<br \/>\nFRANCE<\/p>\n<\/div><\/div><\/div><\/div><\/div>\n","protected":false},"excerpt":{"rendered":"","protected":false},"author":2,"featured_media":0,"parent":0,"menu_order":0,"comment_status":"closed","ping_status":"open","template":"","meta":{"footnotes":""},"class_list":["post-377","page","type-page","status-publish","hentry"],"yoast_head":"<!-- This site is optimized with the Yoast SEO plugin v24.9 - https:\/\/yoast.com\/wordpress\/plugins\/seo\/ -->\n<title>Mentions l\u00e9gales - D10<\/title>\n<meta name=\"robots\" content=\"index, follow, max-snippet:-1, max-image-preview:large, max-video-preview:-1\" \/>\n<link rel=\"canonical\" href=\"https:\/\/www.d10uniquevehicles.com\/fr\/mentions-legales\/\" \/>\n<meta property=\"og:locale\" content=\"fr_FR\" \/>\n<meta property=\"og:type\" content=\"article\" \/>\n<meta property=\"og:title\" content=\"Mentions l\u00e9gales - D10\" \/>\n<meta property=\"og:url\" content=\"https:\/\/www.d10uniquevehicles.com\/fr\/mentions-legales\/\" \/>\n<meta property=\"og:site_name\" content=\"D10\" \/>\n<meta property=\"article:modified_time\" content=\"2025-04-03T10:49:32+00:00\" \/>\n<meta name=\"twitter:card\" content=\"summary_large_image\" \/>\n<meta name=\"twitter:label1\" content=\"Dur\u00e9e de lecture estim\u00e9e\" \/>\n\t<meta name=\"twitter:data1\" content=\"2 minutes\" \/>\n<script type=\"application\/ld+json\" class=\"yoast-schema-graph\">{\"@context\":\"https:\/\/schema.org\",\"@graph\":[{\"@type\":\"WebPage\",\"@id\":\"https:\/\/www.d10uniquevehicles.com\/fr\/mentions-legales\/\",\"url\":\"https:\/\/www.d10uniquevehicles.com\/fr\/mentions-legales\/\",\"name\":\"Mentions l\u00e9gales - D10\",\"isPartOf\":{\"@id\":\"https:\/\/www.d10uniquevehicles.com\/#website\"},\"datePublished\":\"2025-03-24T14:24:00+00:00\",\"dateModified\":\"2025-04-03T10:49:32+00:00\",\"breadcrumb\":{\"@id\":\"https:\/\/www.d10uniquevehicles.com\/fr\/mentions-legales\/#breadcrumb\"},\"inLanguage\":\"fr-FR\",\"potentialAction\":[{\"@type\":\"ReadAction\",\"target\":[\"https:\/\/www.d10uniquevehicles.com\/fr\/mentions-legales\/\"]}]},{\"@type\":\"BreadcrumbList\",\"@id\":\"https:\/\/www.d10uniquevehicles.com\/fr\/mentions-legales\/#breadcrumb\",\"itemListElement\":[{\"@type\":\"ListItem\",\"position\":1,\"name\":\"Home\",\"item\":\"https:\/\/www.d10uniquevehicles.com\/fr\/\"},{\"@type\":\"ListItem\",\"position\":2,\"name\":\"Mentions l\u00e9gales\"}]},{\"@type\":\"WebSite\",\"@id\":\"https:\/\/www.d10uniquevehicles.com\/#website\",\"url\":\"https:\/\/www.d10uniquevehicles.com\/\",\"name\":\"D10\",\"description\":\"\",\"potentialAction\":[{\"@type\":\"SearchAction\",\"target\":{\"@type\":\"EntryPoint\",\"urlTemplate\":\"https:\/\/www.d10uniquevehicles.com\/?s={search_term_string}\"},\"query-input\":{\"@type\":\"PropertyValueSpecification\",\"valueRequired\":true,\"valueName\":\"search_term_string\"}}],\"inLanguage\":\"fr-FR\"}]}<\/script>\n<!-- \/ Yoast SEO plugin. -->","yoast_head_json":{"title":"Mentions l\u00e9gales - D10","robots":{"index":"index","follow":"follow","max-snippet":"max-snippet:-1","max-image-preview":"max-image-preview:large","max-video-preview":"max-video-preview:-1"},"canonical":"https:\/\/www.d10uniquevehicles.com\/fr\/mentions-legales\/","og_locale":"fr_FR","og_type":"article","og_title":"Mentions l\u00e9gales - D10","og_url":"https:\/\/www.d10uniquevehicles.com\/fr\/mentions-legales\/","og_site_name":"D10","article_modified_time":"2025-04-03T10:49:32+00:00","twitter_card":"summary_large_image","twitter_misc":{"Dur\u00e9e de lecture estim\u00e9e":"2 minutes"},"schema":{"@context":"https:\/\/schema.org","@graph":[{"@type":"WebPage","@id":"https:\/\/www.d10uniquevehicles.com\/fr\/mentions-legales\/","url":"https:\/\/www.d10uniquevehicles.com\/fr\/mentions-legales\/","name":"Mentions l\u00e9gales - D10","isPartOf":{"@id":"https:\/\/www.d10uniquevehicles.com\/#website"},"datePublished":"2025-03-24T14:24:00+00:00","dateModified":"2025-04-03T10:49:32+00:00","breadcrumb":{"@id":"https:\/\/www.d10uniquevehicles.com\/fr\/mentions-legales\/#breadcrumb"},"inLanguage":"fr-FR","potentialAction":[{"@type":"ReadAction","target":["https:\/\/www.d10uniquevehicles.com\/fr\/mentions-legales\/"]}]},{"@type":"BreadcrumbList","@id":"https:\/\/www.d10uniquevehicles.com\/fr\/mentions-legales\/#breadcrumb","itemListElement":[{"@type":"ListItem","position":1,"name":"Home","item":"https:\/\/www.d10uniquevehicles.com\/fr\/"},{"@type":"ListItem","position":2,"name":"Mentions l\u00e9gales"}]},{"@type":"WebSite","@id":"https:\/\/www.d10uniquevehicles.com\/#website","url":"https:\/\/www.d10uniquevehicles.com\/","name":"D10","description":"","potentialAction":[{"@type":"SearchAction","target":{"@type":"EntryPoint","urlTemplate":"https:\/\/www.d10uniquevehicles.com\/?s={search_term_string}"},"query-input":{"@type":"PropertyValueSpecification","valueRequired":true,"valueName":"search_term_string"}}],"inLanguage":"fr-FR"}]}},"_links":{"self":[{"href":"https:\/\/www.d10uniquevehicles.com\/fr\/wp-json\/wp\/v2\/pages\/377","targetHints":{"allow":["GET"]}}],"collection":[{"href":"https:\/\/www.d10uniquevehicles.com\/fr\/wp-json\/wp\/v2\/pages"}],"about":[{"href":"https:\/\/www.d10uniquevehicles.com\/fr\/wp-json\/wp\/v2\/types\/page"}],"author":[{"embeddable":true,"href":"https:\/\/www.d10uniquevehicles.com\/fr\/wp-json\/wp\/v2\/users\/2"}],"replies":[{"embeddable":true,"href":"https:\/\/www.d10uniquevehicles.com\/fr\/wp-json\/wp\/v2\/comments?post=377"}],"version-history":[{"count":6,"href":"https:\/\/www.d10uniquevehicles.com\/fr\/wp-json\/wp\/v2\/pages\/377\/revisions"}],"predecessor-version":[{"id":408,"href":"https:\/\/www.d10uniquevehicles.com\/fr\/wp-json\/wp\/v2\/pages\/377\/revisions\/408"}],"wp:attachment":[{"href":"https:\/\/www.d10uniquevehicles.com\/fr\/wp-json\/wp\/v2\/media?parent=377"}],"curies":[{"name":"wp","href":"https:\/\/api.w.org\/{rel}","templated":true}]}}